{"id":8783,"date":"2017-10-30T06:28:39","date_gmt":"2017-10-30T06:28:39","guid":{"rendered":"http:\/\/www.imprentaimgrab.com\/?page_id=8783"},"modified":"2017-11-03T07:54:42","modified_gmt":"2017-11-03T06:54:42","slug":"quien-invento-la-imprenta","status":"publish","type":"page","link":"https:\/\/www.imprentaimgrab.com\/index.php\/quien-invento-la-imprenta\/","title":{"rendered":"\u00bfQui\u00e9n invent\u00f3 la Imprenta?"},"content":{"rendered":"<p align=\"justify\">En Occidente, ser\u00eda en el a\u00f1o 1440 cu\u00e1ndo por fin se le atribuye la invenci\u00f3n al Alem\u00e1n Johannes Gutenberg, el llamado <strong>\u00abPadre de la Imprenta\u00bb<\/strong> despu\u00e9s de una gran controversia por disputarse la gloria de ese t\u00edtulo entre alemanes, italianos, franceses y holandeses.<\/p>\n<p>No obstante, ya entre los a\u00f1os 430 y 440 A.C se dice que los Romanos imprim\u00edan inscripciones sobre objetos de arcilla y fue posteriormente entre 1041 y 1048 cu\u00e1ndo B\u00ec Sh\u00e8ng, en China, y gracias al papel de arroz, dise\u00f1\u00f3 el primer sistema de imprenta de tipos m\u00f3viles, en el cu\u00e1l se tallaban caracteres chinos sueltos dispuestos en fila desde complejas piezas de porcelana.<\/p>\n<h4 align=\"justify\">Johannes Gutenberg (Alemania 1400 &#8211; 1468)<\/h4>\n<p align=\"justify\">Nacido en Maguncia (Alemania), hacia 1400; Johann Gensfleisch zur Laden fue considerado el <strong>\u201cPadre de la Imprenta\u201d<\/strong>.<br \/>\nEn sus inicios trabaj\u00f3 como orfebre y poco despu\u00e9s se trasladar\u00eda a Estrasbusrgo donde instal\u00f3 una empresa de grabados en madera en una vieja f\u00e1brica de telas. <img decoding=\"async\" loading=\"lazy\" class=\"alignleft wp-image-8781 size-medium\" src=\"http:\/\/www.imprentaimgrab.com\/wp-content\/uploads\/2017\/10\/johannes_gutenberg518x650-239x300.png\" alt=\"\" width=\"239\" height=\"300\" srcset=\"https:\/\/www.imprentaimgrab.com\/wp-content\/uploads\/2017\/10\/johannes_gutenberg518x650-239x300.png 239w, https:\/\/www.imprentaimgrab.com\/wp-content\/uploads\/2017\/10\/johannes_gutenberg518x650.png 518w\" sizes=\"(max-width: 239px) 100vw, 239px\" \/><br \/>\nAll\u00ed empez\u00f3 a desarrollar la t\u00e9cnica de la Litograf\u00eda y escribir\u00eda sus primeros textos.<\/p>\n<p>A raiz de una apuesta, la m\u00e1xima de Gutenberg ser\u00eda demostrar que pod\u00eda realizar una copia de la Biblia en menos tiempo del que les llevaba hacerlo a los m\u00e1s r\u00e1pidos monjes copistas y que la calidad ser\u00eda perfecta.<\/p>\n<p>Para llevar a cabo tan ardua tarea confeccion\u00f3 los primeros \u201ctipos m\u00f3viles\u201d de cada una de las letras del abecedario. Al principio cont\u00f3 con la ayuda de un<img decoding=\"async\" loading=\"lazy\" class=\"alignright wp-image-8784 size-medium\" src=\"http:\/\/www.imprentaimgrab.com\/wp-content\/uploads\/2017\/10\/gutenberg-presse-300x282.jpg\" alt=\"\" width=\"300\" height=\"282\" srcset=\"https:\/\/www.imprentaimgrab.com\/wp-content\/uploads\/2017\/10\/gutenberg-presse-300x282.jpg 300w, https:\/\/www.imprentaimgrab.com\/wp-content\/uploads\/2017\/10\/gutenberg-presse.jpg 524w\" sizes=\"(max-width: 300px) 100vw, 300px\" \/> prestamista Rumano y antes de poder acabar el trabajo volvi\u00f3 a quedarse sin dinero. Fue entonces cuando JUAN FUST le propuso formar sociedad dejando al cargo del negocio a su sobrino Peter Svh\u00f6ffer quien desde ese instante se convertir\u00eda en socio-aprendiz de Gutenberg.<\/p>\n<p>Tras dos a\u00f1os el proyecto de la Biblia segu\u00eda inacabado y Juan Fust, termin\u00f3 por no querer alargar los pr\u00e9stamos a <strong>Gutenberg<\/strong> y se qued\u00f3 con la exclusiva del negocio. La Biblia de Gutenberg ser\u00eda publicada en 1456 en dos tomos de 324 y 319 p\u00e1ginas.<\/p>\n<p>En 1468 <strong>Johannes Gutenberg<\/strong> fallecer\u00eda arruinado.<\/p>\n<p>&nbsp;<\/p>\n<hr \/>\n<h4>La Imprenta en Espa\u00f1a<\/h4>\n<p>La imprenta lleg\u00f3 a Espa\u00f1a con cierto retraso respecto a otros pa\u00edses de Europa, debido a la situaci\u00f3n perif\u00e9rica de la Pen\u00ednsula ib\u00e9rica y a la escasez de grandes universidades. La primera imprenta se instal\u00f3 en Espa\u00f1a en Segovia en el a\u00f1o 1472 a instancias de Juan Arias D\u00e1vila, obispo de Segovia, quien para proporcionar obras impresas a los alumnos del Estudio General de Segovia hizo trasladarse a la ciudad al impresor Juan P\u00e1rix, procedente de Heidelberg (Alemania), casi diecisiete a\u00f1os despu\u00e9s de que Johannes Gutenberg sacara a la luz su primer libro impreso, la conocida <i>Biblia de Gutenberg<\/i>.<\/p>\n<p><img decoding=\"async\" loading=\"lazy\" class=\"alignleft wp-image-8786 size-medium\" src=\"http:\/\/www.imprentaimgrab.com\/wp-content\/uploads\/2017\/10\/792px-pressing-16th_century-300x227.jpg\" alt=\"\" width=\"300\" height=\"227\" srcset=\"https:\/\/www.imprentaimgrab.com\/wp-content\/uploads\/2017\/10\/792px-pressing-16th_century-300x227.jpg 300w, https:\/\/www.imprentaimgrab.com\/wp-content\/uploads\/2017\/10\/792px-pressing-16th_century-768x581.jpg 768w, https:\/\/www.imprentaimgrab.com\/wp-content\/uploads\/2017\/10\/792px-pressing-16th_century.jpg 792w\" sizes=\"(max-width: 300px) 100vw, 300px\" \/>Siguiendo el camino iniciado por la imprenta de Segovia, se fueron instalando otras en diferentes ciudades, como Barcelona, Burgos, Salamanca, Sevilla, Valencia, Zamora o Zaragoza, llegando a existir hasta veintis\u00e9is diferentes a lo largo del siglo xv.<\/p>\n<p>Est\u00e1 considerado el primer libro incunable espa\u00f1ol la obra <i>Sinodal de Aguilafuente<\/i>, escrito en castellano y salido de la imprenta de P\u00e1rix en Segovia en 1472, que recoge las actas del s\u00ednodo que la di\u00f3cesis de Segovia celebr\u00f3 en el municipio de Aguilafuente en el mes de junio del mismo a\u00f1o. De car\u00e1cter literario, es considerada la primera el libro <i>Obres o trobes en lahors de la Verge Maria<\/i>, del impresor Lambert Palmart, que vio la luz en la ciudad de Valencia en 1474, llevada a cabo en valenciano.<\/p>\n<p>Otras piezas salidas de la imprenta inicialmente fueron la <i>bula de Rodrigo de Borja<\/i> (1473) de la catedral de Segovia, la <i>bula de Guinea<\/i> (c. 1473) de la catedral de Sevilla o las <i>bulas de do\u00f1a Isabel de Zuazo<\/i> (1484) de la iglesia de San Esteban de Cu\u00e9llar (Segovia).<\/p>\n","protected":false},"excerpt":{"rendered":"<p>En Occidente, ser\u00eda en el a\u00f1o 1440 cu\u00e1ndo por fin se le atribuye la invenci\u00f3n al Alem\u00e1n Johannes Gutenberg, el llamado \u00abPadre de la Imprenta\u00bb despu\u00e9s de una gran controversia por disputarse la gloria de ese t\u00edtulo entre alemanes, italianos, franceses y holandeses. No obstante, ya entre los a\u00f1os 430 y 440 A.C se dice [&hellip;]<\/p>\n","protected":false},"author":2,"featured_media":0,"parent":0,"menu_order":0,"comment_status":"closed","ping_status":"closed","template":"","meta":[],"yoast_head":"<!-- This site is optimized with the Yoast SEO plugin v20.2.1 - https:\/\/yoast.com\/wordpress\/plugins\/seo\/ -->\n<title>\u00bfQui\u00e9n invent\u00f3 la Imprenta? - Imprenta Imgrab<\/title>\n<meta name=\"robots\" content=\"index, follow, max-snippet:-1, max-image-preview:large, max-video-preview:-1\" \/>\n<link rel=\"canonical\" href=\"https:\/\/www.imprentaimgrab.com\/index.php\/quien-invento-la-imprenta\/\" \/>\n<meta property=\"og:locale\" content=\"es_ES\" \/>\n<meta property=\"og:type\" content=\"article\" \/>\n<meta property=\"og:title\" content=\"\u00bfQui\u00e9n invent\u00f3 la Imprenta? - Imprenta Imgrab\" \/>\n<meta property=\"og:description\" content=\"En Occidente, ser\u00eda en el a\u00f1o 1440 cu\u00e1ndo por fin se le atribuye la invenci\u00f3n al Alem\u00e1n Johannes Gutenberg, el llamado \u00abPadre de la Imprenta\u00bb despu\u00e9s de una gran controversia por disputarse la gloria de ese t\u00edtulo entre alemanes, italianos, franceses y holandeses. No obstante, ya entre los a\u00f1os 430 y 440 A.C se dice [&hellip;]\" \/>\n<meta property=\"og:url\" content=\"https:\/\/www.imprentaimgrab.com\/index.php\/quien-invento-la-imprenta\/\" \/>\n<meta property=\"og:site_name\" content=\"Imprenta Imgrab\" \/>\n<meta property=\"article:publisher\" content=\"https:\/\/www.imprentaimgrab.com\" \/>\n<meta property=\"article:modified_time\" content=\"2017-11-03T06:54:42+00:00\" \/>\n<meta property=\"og:image\" content=\"http:\/\/www.imprentaimgrab.com\/wp-content\/uploads\/2017\/10\/johannes_gutenberg518x650-239x300.png\" \/>\n<meta name=\"twitter:card\" content=\"summary_large_image\" \/>\n<meta name=\"twitter:label1\" content=\"Tiempo de lectura\" \/>\n\t<meta name=\"twitter:data1\" content=\"3 minutos\" \/>\n<script type=\"application\/ld+json\" class=\"yoast-schema-graph\">{\"@context\":\"https:\/\/schema.org\",\"@graph\":[{\"@type\":\"WebPage\",\"@id\":\"https:\/\/www.imprentaimgrab.com\/index.php\/quien-invento-la-imprenta\/\",\"url\":\"https:\/\/www.imprentaimgrab.com\/index.php\/quien-invento-la-imprenta\/\",\"name\":\"\u00bfQui\u00e9n invent\u00f3 la Imprenta? - Imprenta Imgrab\",\"isPartOf\":{\"@id\":\"https:\/\/www.imprentaimgrab.com\/#website\"},\"datePublished\":\"2017-10-30T06:28:39+00:00\",\"dateModified\":\"2017-11-03T06:54:42+00:00\",\"breadcrumb\":{\"@id\":\"https:\/\/www.imprentaimgrab.com\/index.php\/quien-invento-la-imprenta\/#breadcrumb\"},\"inLanguage\":\"es\",\"potentialAction\":[{\"@type\":\"ReadAction\",\"target\":[\"https:\/\/www.imprentaimgrab.com\/index.php\/quien-invento-la-imprenta\/\"]}]},{\"@type\":\"BreadcrumbList\",\"@id\":\"https:\/\/www.imprentaimgrab.com\/index.php\/quien-invento-la-imprenta\/#breadcrumb\",\"itemListElement\":[{\"@type\":\"ListItem\",\"position\":1,\"name\":\"Portada\",\"item\":\"https:\/\/www.imprentaimgrab.com\/\"},{\"@type\":\"ListItem\",\"position\":2,\"name\":\"\u00bfQui\u00e9n invent\u00f3 la Imprenta?\"}]},{\"@type\":\"WebSite\",\"@id\":\"https:\/\/www.imprentaimgrab.com\/#website\",\"url\":\"https:\/\/www.imprentaimgrab.com\/\",\"name\":\"Imprenta Imgrab\",\"description\":\"imprenta r\u00e1pida\",\"publisher\":{\"@id\":\"https:\/\/www.imprentaimgrab.com\/#organization\"},\"potentialAction\":[{\"@type\":\"SearchAction\",\"target\":{\"@type\":\"EntryPoint\",\"urlTemplate\":\"https:\/\/www.imprentaimgrab.com\/?s={search_term_string}\"},\"query-input\":\"required name=search_term_string\"}],\"inLanguage\":\"es\"},{\"@type\":\"Organization\",\"@id\":\"https:\/\/www.imprentaimgrab.com\/#organization\",\"name\":\"Imprenta IMGRAB\",\"url\":\"https:\/\/www.imprentaimgrab.com\/\",\"logo\":{\"@type\":\"ImageObject\",\"inLanguage\":\"es\",\"@id\":\"https:\/\/www.imprentaimgrab.com\/#\/schema\/logo\/image\/\",\"url\":\"https:\/\/www.imprentaimgrab.com\/wp-content\/uploads\/2017\/11\/imgrab-footer-2.png\",\"contentUrl\":\"https:\/\/www.imprentaimgrab.com\/wp-content\/uploads\/2017\/11\/imgrab-footer-2.png\",\"width\":400,\"height\":117,\"caption\":\"Imprenta IMGRAB\"},\"image\":{\"@id\":\"https:\/\/www.imprentaimgrab.com\/#\/schema\/logo\/image\/\"},\"sameAs\":[\"https:\/\/www.imprentaimgrab.com\"]}]}<\/script>\n<!-- \/ Yoast SEO plugin. -->","yoast_head_json":{"title":"\u00bfQui\u00e9n invent\u00f3 la Imprenta? - Imprenta Imgrab","robots":{"index":"index","follow":"follow","max-snippet":"max-snippet:-1","max-image-preview":"max-image-preview:large","max-video-preview":"max-video-preview:-1"},"canonical":"https:\/\/www.imprentaimgrab.com\/index.php\/quien-invento-la-imprenta\/","og_locale":"es_ES","og_type":"article","og_title":"\u00bfQui\u00e9n invent\u00f3 la Imprenta? - Imprenta Imgrab","og_description":"En Occidente, ser\u00eda en el a\u00f1o 1440 cu\u00e1ndo por fin se le atribuye la invenci\u00f3n al Alem\u00e1n Johannes Gutenberg, el llamado \u00abPadre de la Imprenta\u00bb despu\u00e9s de una gran controversia por disputarse la gloria de ese t\u00edtulo entre alemanes, italianos, franceses y holandeses. No obstante, ya entre los a\u00f1os 430 y 440 A.C se dice [&hellip;]","og_url":"https:\/\/www.imprentaimgrab.com\/index.php\/quien-invento-la-imprenta\/","og_site_name":"Imprenta Imgrab","article_publisher":"https:\/\/www.imprentaimgrab.com","article_modified_time":"2017-11-03T06:54:42+00:00","og_image":[{"url":"http:\/\/www.imprentaimgrab.com\/wp-content\/uploads\/2017\/10\/johannes_gutenberg518x650-239x300.png"}],"twitter_card":"summary_large_image","twitter_misc":{"Tiempo de lectura":"3 minutos"},"schema":{"@context":"https:\/\/schema.org","@graph":[{"@type":"WebPage","@id":"https:\/\/www.imprentaimgrab.com\/index.php\/quien-invento-la-imprenta\/","url":"https:\/\/www.imprentaimgrab.com\/index.php\/quien-invento-la-imprenta\/","name":"\u00bfQui\u00e9n invent\u00f3 la Imprenta? - Imprenta Imgrab","isPartOf":{"@id":"https:\/\/www.imprentaimgrab.com\/#website"},"datePublished":"2017-10-30T06:28:39+00:00","dateModified":"2017-11-03T06:54:42+00:00","breadcrumb":{"@id":"https:\/\/www.imprentaimgrab.com\/index.php\/quien-invento-la-imprenta\/#breadcrumb"},"inLanguage":"es","potentialAction":[{"@type":"ReadAction","target":["https:\/\/www.imprentaimgrab.com\/index.php\/quien-invento-la-imprenta\/"]}]},{"@type":"BreadcrumbList","@id":"https:\/\/www.imprentaimgrab.com\/index.php\/quien-invento-la-imprenta\/#breadcrumb","itemListElement":[{"@type":"ListItem","position":1,"name":"Portada","item":"https:\/\/www.imprentaimgrab.com\/"},{"@type":"ListItem","position":2,"name":"\u00bfQui\u00e9n invent\u00f3 la Imprenta?"}]},{"@type":"WebSite","@id":"https:\/\/www.imprentaimgrab.com\/#website","url":"https:\/\/www.imprentaimgrab.com\/","name":"Imprenta Imgrab","description":"imprenta r\u00e1pida","publisher":{"@id":"https:\/\/www.imprentaimgrab.com\/#organization"},"potentialAction":[{"@type":"SearchAction","target":{"@type":"EntryPoint","urlTemplate":"https:\/\/www.imprentaimgrab.com\/?s={search_term_string}"},"query-input":"required name=search_term_string"}],"inLanguage":"es"},{"@type":"Organization","@id":"https:\/\/www.imprentaimgrab.com\/#organization","name":"Imprenta IMGRAB","url":"https:\/\/www.imprentaimgrab.com\/","logo":{"@type":"ImageObject","inLanguage":"es","@id":"https:\/\/www.imprentaimgrab.com\/#\/schema\/logo\/image\/","url":"https:\/\/www.imprentaimgrab.com\/wp-content\/uploads\/2017\/11\/imgrab-footer-2.png","contentUrl":"https:\/\/www.imprentaimgrab.com\/wp-content\/uploads\/2017\/11\/imgrab-footer-2.png","width":400,"height":117,"caption":"Imprenta IMGRAB"},"image":{"@id":"https:\/\/www.imprentaimgrab.com\/#\/schema\/logo\/image\/"},"sameAs":["https:\/\/www.imprentaimgrab.com"]}]}},"_links":{"self":[{"href":"https:\/\/www.imprentaimgrab.com\/index.php\/wp-json\/wp\/v2\/pages\/8783"}],"collection":[{"href":"https:\/\/www.imprentaimgrab.com\/index.php\/wp-json\/wp\/v2\/pages"}],"about":[{"href":"https:\/\/www.imprentaimgrab.com\/index.php\/wp-json\/wp\/v2\/types\/page"}],"author":[{"embeddable":true,"href":"https:\/\/www.imprentaimgrab.com\/index.php\/wp-json\/wp\/v2\/users\/2"}],"replies":[{"embeddable":true,"href":"https:\/\/www.imprentaimgrab.com\/index.php\/wp-json\/wp\/v2\/comments?post=8783"}],"version-history":[{"count":4,"href":"https:\/\/www.imprentaimgrab.com\/index.php\/wp-json\/wp\/v2\/pages\/8783\/revisions"}],"predecessor-version":[{"id":9042,"href":"https:\/\/www.imprentaimgrab.com\/index.php\/wp-json\/wp\/v2\/pages\/8783\/revisions\/9042"}],"wp:attachment":[{"href":"https:\/\/www.imprentaimgrab.com\/index.php\/wp-json\/wp\/v2\/media?parent=8783"}],"curies":[{"name":"wp","href":"https:\/\/api.w.org\/{rel}","templated":true}]}}