{"id":8863,"date":"2017-10-30T15:51:34","date_gmt":"2017-10-30T15:51:34","guid":{"rendered":"http:\/\/www.imprentaimgrab.com\/?page_id=8863"},"modified":"2017-11-10T08:46:06","modified_gmt":"2017-11-10T07:46:06","slug":"politica-de-satisfaccion-y-calidad","status":"publish","type":"page","link":"https:\/\/www.imprentaimgrab.com\/index.php\/politica-de-satisfaccion-y-calidad\/","title":{"rendered":"Pol\u00edtica de satisfacci\u00f3n y calidad"},"content":{"rendered":"<section class=\"wpb-content-wrapper\">[vc_row][vc_column width=\u00bb1\/4&#8243;][vc_single_image image=\u00bb8867&#8243; img_size=\u00bbmedium\u00bb][\/vc_column][vc_column width=\u00bb3\/4&#8243;][vc_column_text css=\u00bb.vc_custom_1509379087915{margin-bottom: 0px !important;}\u00bb]La pol\u00edtica y objetivos generales de la gesti\u00f3n de <strong>Imprenta IMGRAB<\/strong> se rigen por los siguientes principios:<\/p>\n<p><strong>Principios de satisfacci\u00f3n y calidad<\/strong><\/p>\n<ol>\n<li>Satisfacci\u00f3n de los clientes, tratando de cumplir constantemente con sus requisitos y conseguir dar respuesta a sus necesidades y expectativas. Buscando su satisfacci\u00f3n y tomando las medidas necesarias para conseguir mantener un fuerte v\u00ednculo, que garantice el futuro y la continudad de nuestra empresa.<\/li>\n<li>Trabajar hacia la mejora continua, intentando disponer de las mejores tecnolog\u00edas para conseguir productos de m\u00e1xima calidad evitando que nuestra forma de trabajo degrade el medio ambiente.<\/li>\n<li>Hacer que todo el personal de nuestra empresa comprenda la importancia de su contribuci\u00f3n a los logros de los objetivos de calidad y objetivos ambientales.<\/li>\n<li>Adem\u00e1s, como consecuencia de la concienciaci\u00f3n y el compromiso de la empresa con una correcta gesti\u00f3n de los aspectos econ\u00f3micos, sociales y medioambientales que se vinculan a los recursos forestales.<\/li>\n<li>Establecer pr\u00e1cticas comprometidas con el medio ambiente y garantizar una gesti\u00f3n forestal responsable y la trazabilidad de los productos madereros hasta el consumidor final, a trav\u00e9s de la implantaci\u00f3n y mantenimiento de un sistema de control de acuerdo con la normativa FSC. Por lo tanto, buscamos poder proporcionar a nuestros clientes informaci\u00f3n sobre el origen de la materia prima utilizada en sus trabajos y garantizar que proceden de un bosque bien gestionado.<\/li>\n<\/ol>\n[\/vc_column_text][\/vc_column][\/vc_row][vc_row][vc_column][vc_single_image image=\u00bb9163&#8243; img_size=\u00bbfull\u00bb style=\u00bbvc_box_rounded\u00bb css_animation=\u00bbbottom-to-top\u00bb][\/vc_column][\/vc_row]\n<\/section>","protected":false},"excerpt":{"rendered":"<p>[vc_row][vc_column width=\u00bb1\/4&#8243;][vc_single_image image=\u00bb8867&#8243; img_size=\u00bbmedium\u00bb][\/vc_column][vc_column width=\u00bb3\/4&#8243;][vc_column_text css=\u00bb.vc_custom_1509379087915{margin-bottom: 0px !important;}\u00bb]La pol\u00edtica y objetivos generales de la gesti\u00f3n de Imprenta IMGRAB se rigen por los siguientes principios: Principios de satisfacci\u00f3n y calidad Satisfacci\u00f3n de los clientes, tratando de cumplir constantemente con sus requisitos y conseguir dar respuesta a sus necesidades y expectativas. Buscando su satisfacci\u00f3n y tomando las [&hellip;]<\/p>\n","protected":false},"author":2,"featured_media":0,"parent":0,"menu_order":0,"comment_status":"closed","ping_status":"closed","template":"","meta":[],"yoast_head":"<!-- This site is optimized with the Yoast SEO plugin v20.2.1 - https:\/\/yoast.com\/wordpress\/plugins\/seo\/ -->\n<title>Pol\u00edtica de satisfacci\u00f3n y calidad - Imprenta Imgrab<\/title>\n<meta name=\"robots\" content=\"index, follow, max-snippet:-1, max-image-preview:large, max-video-preview:-1\" \/>\n<link rel=\"canonical\" href=\"https:\/\/www.imprentaimgrab.com\/index.php\/politica-de-satisfaccion-y-calidad\/\" \/>\n<meta property=\"og:locale\" content=\"es_ES\" \/>\n<meta property=\"og:type\" content=\"article\" \/>\n<meta property=\"og:title\" content=\"Pol\u00edtica de satisfacci\u00f3n y calidad - Imprenta Imgrab\" \/>\n<meta property=\"og:description\" content=\"[vc_row][vc_column width=\u00bb1\/4&#8243;][vc_single_image image=\u00bb8867&#8243; img_size=\u00bbmedium\u00bb][\/vc_column][vc_column width=\u00bb3\/4&#8243;][vc_column_text css=\u00bb.vc_custom_1509379087915{margin-bottom: 0px !important;}\u00bb]La pol\u00edtica y objetivos generales de la gesti\u00f3n de Imprenta IMGRAB se rigen por los siguientes principios: Principios de satisfacci\u00f3n y calidad Satisfacci\u00f3n de los clientes, tratando de cumplir constantemente con sus requisitos y conseguir dar respuesta a sus necesidades y expectativas. Buscando su satisfacci\u00f3n y tomando las [&hellip;]\" \/>\n<meta property=\"og:url\" content=\"https:\/\/www.imprentaimgrab.com\/index.php\/politica-de-satisfaccion-y-calidad\/\" \/>\n<meta property=\"og:site_name\" content=\"Imprenta Imgrab\" \/>\n<meta property=\"article:publisher\" content=\"https:\/\/www.imprentaimgrab.com\" \/>\n<meta property=\"article:modified_time\" content=\"2017-11-10T07:46:06+00:00\" \/>\n<meta name=\"twitter:card\" content=\"summary_large_image\" \/>\n<meta name=\"twitter:label1\" content=\"Tiempo de lectura\" \/>\n\t<meta name=\"twitter:data1\" content=\"1 minuto\" \/>\n<script type=\"application\/ld+json\" class=\"yoast-schema-graph\">{\"@context\":\"https:\/\/schema.org\",\"@graph\":[{\"@type\":\"WebPage\",\"@id\":\"https:\/\/www.imprentaimgrab.com\/index.php\/politica-de-satisfaccion-y-calidad\/\",\"url\":\"https:\/\/www.imprentaimgrab.com\/index.php\/politica-de-satisfaccion-y-calidad\/\",\"name\":\"Pol\u00edtica de satisfacci\u00f3n y calidad - Imprenta Imgrab\",\"isPartOf\":{\"@id\":\"https:\/\/www.imprentaimgrab.com\/#website\"},\"datePublished\":\"2017-10-30T15:51:34+00:00\",\"dateModified\":\"2017-11-10T07:46:06+00:00\",\"breadcrumb\":{\"@id\":\"https:\/\/www.imprentaimgrab.com\/index.php\/politica-de-satisfaccion-y-calidad\/#breadcrumb\"},\"inLanguage\":\"es\",\"potentialAction\":[{\"@type\":\"ReadAction\",\"target\":[\"https:\/\/www.imprentaimgrab.com\/index.php\/politica-de-satisfaccion-y-calidad\/\"]}]},{\"@type\":\"BreadcrumbList\",\"@id\":\"https:\/\/www.imprentaimgrab.com\/index.php\/politica-de-satisfaccion-y-calidad\/#breadcrumb\",\"itemListElement\":[{\"@type\":\"ListItem\",\"position\":1,\"name\":\"Portada\",\"item\":\"https:\/\/www.imprentaimgrab.com\/\"},{\"@type\":\"ListItem\",\"position\":2,\"name\":\"Pol\u00edtica de satisfacci\u00f3n y calidad\"}]},{\"@type\":\"WebSite\",\"@id\":\"https:\/\/www.imprentaimgrab.com\/#website\",\"url\":\"https:\/\/www.imprentaimgrab.com\/\",\"name\":\"Imprenta Imgrab\",\"description\":\"imprenta r\u00e1pida\",\"publisher\":{\"@id\":\"https:\/\/www.imprentaimgrab.com\/#organization\"},\"potentialAction\":[{\"@type\":\"SearchAction\",\"target\":{\"@type\":\"EntryPoint\",\"urlTemplate\":\"https:\/\/www.imprentaimgrab.com\/?s={search_term_string}\"},\"query-input\":\"required name=search_term_string\"}],\"inLanguage\":\"es\"},{\"@type\":\"Organization\",\"@id\":\"https:\/\/www.imprentaimgrab.com\/#organization\",\"name\":\"Imprenta IMGRAB\",\"url\":\"https:\/\/www.imprentaimgrab.com\/\",\"logo\":{\"@type\":\"ImageObject\",\"inLanguage\":\"es\",\"@id\":\"https:\/\/www.imprentaimgrab.com\/#\/schema\/logo\/image\/\",\"url\":\"https:\/\/www.imprentaimgrab.com\/wp-content\/uploads\/2017\/11\/imgrab-footer-2.png\",\"contentUrl\":\"https:\/\/www.imprentaimgrab.com\/wp-content\/uploads\/2017\/11\/imgrab-footer-2.png\",\"width\":400,\"height\":117,\"caption\":\"Imprenta IMGRAB\"},\"image\":{\"@id\":\"https:\/\/www.imprentaimgrab.com\/#\/schema\/logo\/image\/\"},\"sameAs\":[\"https:\/\/www.imprentaimgrab.com\"]}]}<\/script>\n<!-- \/ Yoast SEO plugin. -->","yoast_head_json":{"title":"Pol\u00edtica de satisfacci\u00f3n y calidad - Imprenta Imgrab","robots":{"index":"index","follow":"follow","max-snippet":"max-snippet:-1","max-image-preview":"max-image-preview:large","max-video-preview":"max-video-preview:-1"},"canonical":"https:\/\/www.imprentaimgrab.com\/index.php\/politica-de-satisfaccion-y-calidad\/","og_locale":"es_ES","og_type":"article","og_title":"Pol\u00edtica de satisfacci\u00f3n y calidad - Imprenta Imgrab","og_description":"[vc_row][vc_column width=\u00bb1\/4&#8243;][vc_single_image image=\u00bb8867&#8243; img_size=\u00bbmedium\u00bb][\/vc_column][vc_column width=\u00bb3\/4&#8243;][vc_column_text css=\u00bb.vc_custom_1509379087915{margin-bottom: 0px !important;}\u00bb]La pol\u00edtica y objetivos generales de la gesti\u00f3n de Imprenta IMGRAB se rigen por los siguientes principios: Principios de satisfacci\u00f3n y calidad Satisfacci\u00f3n de los clientes, tratando de cumplir constantemente con sus requisitos y conseguir dar respuesta a sus necesidades y expectativas. Buscando su satisfacci\u00f3n y tomando las [&hellip;]","og_url":"https:\/\/www.imprentaimgrab.com\/index.php\/politica-de-satisfaccion-y-calidad\/","og_site_name":"Imprenta Imgrab","article_publisher":"https:\/\/www.imprentaimgrab.com","article_modified_time":"2017-11-10T07:46:06+00:00","twitter_card":"summary_large_image","twitter_misc":{"Tiempo de lectura":"1 minuto"},"schema":{"@context":"https:\/\/schema.org","@graph":[{"@type":"WebPage","@id":"https:\/\/www.imprentaimgrab.com\/index.php\/politica-de-satisfaccion-y-calidad\/","url":"https:\/\/www.imprentaimgrab.com\/index.php\/politica-de-satisfaccion-y-calidad\/","name":"Pol\u00edtica de satisfacci\u00f3n y calidad - Imprenta Imgrab","isPartOf":{"@id":"https:\/\/www.imprentaimgrab.com\/#website"},"datePublished":"2017-10-30T15:51:34+00:00","dateModified":"2017-11-10T07:46:06+00:00","breadcrumb":{"@id":"https:\/\/www.imprentaimgrab.com\/index.php\/politica-de-satisfaccion-y-calidad\/#breadcrumb"},"inLanguage":"es","potentialAction":[{"@type":"ReadAction","target":["https:\/\/www.imprentaimgrab.com\/index.php\/politica-de-satisfaccion-y-calidad\/"]}]},{"@type":"BreadcrumbList","@id":"https:\/\/www.imprentaimgrab.com\/index.php\/politica-de-satisfaccion-y-calidad\/#breadcrumb","itemListElement":[{"@type":"ListItem","position":1,"name":"Portada","item":"https:\/\/www.imprentaimgrab.com\/"},{"@type":"ListItem","position":2,"name":"Pol\u00edtica de satisfacci\u00f3n y calidad"}]},{"@type":"WebSite","@id":"https:\/\/www.imprentaimgrab.com\/#website","url":"https:\/\/www.imprentaimgrab.com\/","name":"Imprenta Imgrab","description":"imprenta r\u00e1pida","publisher":{"@id":"https:\/\/www.imprentaimgrab.com\/#organization"},"potentialAction":[{"@type":"SearchAction","target":{"@type":"EntryPoint","urlTemplate":"https:\/\/www.imprentaimgrab.com\/?s={search_term_string}"},"query-input":"required name=search_term_string"}],"inLanguage":"es"},{"@type":"Organization","@id":"https:\/\/www.imprentaimgrab.com\/#organization","name":"Imprenta IMGRAB","url":"https:\/\/www.imprentaimgrab.com\/","logo":{"@type":"ImageObject","inLanguage":"es","@id":"https:\/\/www.imprentaimgrab.com\/#\/schema\/logo\/image\/","url":"https:\/\/www.imprentaimgrab.com\/wp-content\/uploads\/2017\/11\/imgrab-footer-2.png","contentUrl":"https:\/\/www.imprentaimgrab.com\/wp-content\/uploads\/2017\/11\/imgrab-footer-2.png","width":400,"height":117,"caption":"Imprenta IMGRAB"},"image":{"@id":"https:\/\/www.imprentaimgrab.com\/#\/schema\/logo\/image\/"},"sameAs":["https:\/\/www.imprentaimgrab.com"]}]}},"_links":{"self":[{"href":"https:\/\/www.imprentaimgrab.com\/index.php\/wp-json\/wp\/v2\/pages\/8863"}],"collection":[{"href":"https:\/\/www.imprentaimgrab.com\/index.php\/wp-json\/wp\/v2\/pages"}],"about":[{"href":"https:\/\/www.imprentaimgrab.com\/index.php\/wp-json\/wp\/v2\/types\/page"}],"author":[{"embeddable":true,"href":"https:\/\/www.imprentaimgrab.com\/index.php\/wp-json\/wp\/v2\/users\/2"}],"replies":[{"embeddable":true,"href":"https:\/\/www.imprentaimgrab.com\/index.php\/wp-json\/wp\/v2\/comments?post=8863"}],"version-history":[{"count":9,"href":"https:\/\/www.imprentaimgrab.com\/index.php\/wp-json\/wp\/v2\/pages\/8863\/revisions"}],"predecessor-version":[{"id":9178,"href":"https:\/\/www.imprentaimgrab.com\/index.php\/wp-json\/wp\/v2\/pages\/8863\/revisions\/9178"}],"wp:attachment":[{"href":"https:\/\/www.imprentaimgrab.com\/index.php\/wp-json\/wp\/v2\/media?parent=8863"}],"curies":[{"name":"wp","href":"https:\/\/api.w.org\/{rel}","templated":true}]}}